{"id":284,"date":"2018-10-19T07:56:21","date_gmt":"2018-10-19T06:56:21","guid":{"rendered":"https:\/\/www.schneggahuesler.at\/?page_id=284"},"modified":"2023-01-24T12:03:53","modified_gmt":"2023-01-24T11:03:53","slug":"mitglied-werden","status":"publish","type":"page","link":"https:\/\/www.schneggahuesler.at\/?page_id=284","title":{"rendered":"Mitglied werden"},"content":{"rendered":"<div class=\"csc-header csc-header-n1\">\n<h4 style=\"text-align: center;\">Anmeldung<\/h4>\n<\/div>\n<div class=\"csc-textpic-text\">\n<div>\n<p>Wenn du Spass an der Musik hast, bereits ein Instrument beherrscht oder ein Instrument auf \u201eschneggaweise\u201c erlernen willst, wenn du Freude am Fasching hast und diesen endlich mal auf eine besondere Weise erleben willst, dann bist du hier genau richtig.<\/p>\n<p>Wir bieten jedes Jahr ein abwechslungsreiches Programm und verschiedene Aktivit\u00e4ten sowie ein lustiges und fr\u00f6hliches Vereinsleben. Wir&nbsp;Schneggah\u00fcsler freuen uns \u00fcber jedes Mitglied zwischen 18 und 99 Jahren, welches wirklich daran interessiert ist, ein Teil unserer Truppe zu werden und uns mit Ehrgeiz und Flei\u00df zu unterst\u00fctzen. Sende einfach das ausgef\u00fcllte Anmeldeformular&nbsp;an uns und wir werden mit dir Kontakt aufnehmen.<\/p>\n<p>\u00dcberlege nicht lange und trau dich, wir Schneggen bei\u00dfen nicht!!!!<\/p>\n<p>Wir versichern dir, deine Daten streng vertraulich zu behandeln.<\/p>\n<\/div>\n<p>Felder mit (*) m\u00fcssen ausgef\u00fcllt werden.<\/p>\n<div>\n<div class=\"wpcf7 no-js\" id=\"wpcf7-f291-o1\" lang=\"de-DE\" dir=\"ltr\" data-wpcf7-id=\"291\">\n<div class=\"screen-reader-response\"><p role=\"status\" aria-live=\"polite\" aria-atomic=\"true\"><\/p> <ul><\/ul><\/div>\n<form action=\"\/index.php?rest_route=%2Fwp%2Fv2%2Fpages%2F284#wpcf7-f291-o1\" method=\"post\" class=\"wpcf7-form init\" aria-label=\"Kontaktformular\" novalidate=\"novalidate\" data-status=\"init\">\n<fieldset class=\"hidden-fields-container\"><input type=\"hidden\" name=\"_wpcf7\" value=\"291\" \/><input type=\"hidden\" name=\"_wpcf7_version\" value=\"6.1.5\" \/><input type=\"hidden\" name=\"_wpcf7_locale\" value=\"de_DE\" \/><input type=\"hidden\" name=\"_wpcf7_unit_tag\" value=\"wpcf7-f291-o1\" \/><input type=\"hidden\" name=\"_wpcf7_container_post\" value=\"0\" \/><input type=\"hidden\" name=\"_wpcf7_posted_data_hash\" value=\"\" \/>\n<\/fieldset>\n<p><label> Nachname*<br \/>\n<span class=\"wpcf7-form-control-wrap\" data-name=\"last-name\"><input size=\"40\" maxlength=\"400\" class=\"wpcf7-form-control wpcf7-text wpcf7-validates-as-required\" aria-required=\"true\" aria-invalid=\"false\" value=\"\" type=\"text\" name=\"last-name\" \/><\/span> <\/label>\n<\/p>\n<p><label> Vorname*<br \/>\n<span class=\"wpcf7-form-control-wrap\" data-name=\"vorname\"><input size=\"40\" maxlength=\"400\" class=\"wpcf7-form-control wpcf7-text wpcf7-validates-as-required\" aria-required=\"true\" aria-invalid=\"false\" value=\"\" type=\"text\" name=\"vorname\" \/><\/span> <\/label>\n<\/p>\n<p><label> Geburtsdatum*<br \/>\n<span class=\"wpcf7-form-control-wrap\" data-name=\"gebdate\"><input class=\"wpcf7-form-control wpcf7-date wpcf7-validates-as-required wpcf7-validates-as-date\" aria-required=\"true\" aria-invalid=\"false\" value=\"\" type=\"date\" name=\"gebdate\" \/><\/span> <\/label>\n<\/p>\n<p><label> Adresse*<br \/>\n<span class=\"wpcf7-form-control-wrap\" data-name=\"adress\"><input size=\"40\" maxlength=\"400\" class=\"wpcf7-form-control wpcf7-text wpcf7-validates-as-required\" aria-required=\"true\" aria-invalid=\"false\" value=\"\" type=\"text\" name=\"adress\" \/><\/span> <\/label>\n<\/p>\n<p><label> PLZ\/Ort*<br \/>\n<span class=\"wpcf7-form-control-wrap\" data-name=\"location\"><input size=\"40\" maxlength=\"400\" class=\"wpcf7-form-control wpcf7-text wpcf7-validates-as-required\" aria-required=\"true\" aria-invalid=\"false\" value=\"\" type=\"text\" name=\"location\" \/><\/span> <\/label>\n<\/p>\n<p><label> Tel.*<br \/>\n<span class=\"wpcf7-form-control-wrap\" data-name=\"tel\"><input size=\"40\" maxlength=\"400\" class=\"wpcf7-form-control wpcf7-text wpcf7-validates-as-required\" aria-required=\"true\" aria-invalid=\"false\" value=\"\" type=\"text\" name=\"tel\" \/><\/span> <\/label>\n<\/p>\n<p><label> Wunschinstrument*<br \/>\n<span class=\"wpcf7-form-control-wrap\" data-name=\"instrument\"><select class=\"wpcf7-form-control wpcf7-select wpcf7-validates-as-required\" aria-required=\"true\" aria-invalid=\"false\" multiple=\"multiple\" name=\"instrument[]\"><option value=\"Trompete\">Trompete<\/option><option value=\"Lyra\">Lyra<\/option><option value=\"Euphonium\">Euphonium<\/option><option value=\"Posaune\">Posaune<\/option><option value=\"Sousaphon\">Sousaphon<\/option><option value=\"Schlagzeug\">Schlagzeug<\/option><option value=\"Pauke\">Pauke<\/option><option value=\"Woodblock\">Woodblock<\/option><option value=\"unterst\u00fctzendes Mitglied\">unterst\u00fctzendes Mitglied<\/option><\/select><\/span><\/label>\n<\/p>\n<p><label> E-Mail-Adresse*<br \/>\n<span class=\"wpcf7-form-control-wrap\" data-name=\"your-email\"><input size=\"40\" maxlength=\"400\" class=\"wpcf7-form-control wpcf7-email wpcf7-validates-as-required wpcf7-text wpcf7-validates-as-email\" aria-required=\"true\" aria-invalid=\"false\" value=\"\" type=\"email\" name=\"your-email\" \/><\/span> <\/label>\n<\/p>\n<p><label> Bemerkung<br \/>\n<span class=\"wpcf7-form-control-wrap\" data-name=\"your-message\"><textarea cols=\"40\" rows=\"10\" maxlength=\"2000\" class=\"wpcf7-form-control wpcf7-textarea\" aria-invalid=\"false\" name=\"your-message\"><\/textarea><\/span> <\/label>\n<\/p>\n<p><input class=\"wpcf7-form-control wpcf7-submit has-spinner\" type=\"submit\" value=\"Senden\" \/>\n<\/p><div class=\"wpcf7-response-output\" aria-hidden=\"true\"><\/div>\n<\/form>\n<\/div>\n<\/div>\n<div class=\"csc-mailform-field\">\n<div id=\"c305\" class=\"csc-default\">\n<div class=\"csc-textpic csc-textpic-center csc-textpic-above\">\n<div class=\"csc-textpic-imagewrap csc-textpic-single-image\">\n<div id=\"c305\" class=\"csc-default\">\n<div class=\"csc-textpic csc-textpic-center csc-textpic-above\">\n<div class=\"csc-textpic-imagewrap csc-textpic-single-image\"><img loading=\"lazy\" decoding=\"async\" class=\"alignleft  wp-image-8798\" src=\"https:\/\/www.schneggahuesler.at\/wp-content\/uploads\/2021\/10\/Schneggauesler_Logo_NEU.jpg\" alt=\"\" width=\"348\" height=\"348\" srcset=\"https:\/\/www.schneggahuesler.at\/wp-content\/uploads\/2021\/10\/Schneggauesler_Logo_NEU.jpg 2362w, https:\/\/www.schneggahuesler.at\/wp-content\/uploads\/2021\/10\/Schneggauesler_Logo_NEU-300x300.jpg 300w, https:\/\/www.schneggahuesler.at\/wp-content\/uploads\/2021\/10\/Schneggauesler_Logo_NEU-1024x1024.jpg 1024w, https:\/\/www.schneggahuesler.at\/wp-content\/uploads\/2021\/10\/Schneggauesler_Logo_NEU-150x150.jpg 150w, https:\/\/www.schneggahuesler.at\/wp-content\/uploads\/2021\/10\/Schneggauesler_Logo_NEU-768x768.jpg 768w, https:\/\/www.schneggahuesler.at\/wp-content\/uploads\/2021\/10\/Schneggauesler_Logo_NEU-1536x1536.jpg 1536w, https:\/\/www.schneggahuesler.at\/wp-content\/uploads\/2021\/10\/Schneggauesler_Logo_NEU-2048x2048.jpg 2048w\" sizes=\"auto, (max-width: 348px) 100vw, 348px\" \/><\/div>\n<\/div>\n<\/div>\n<\/div>\n<\/div>\n<\/div>\n<\/div>\n<\/div>\n","protected":false},"excerpt":{"rendered":"<p>Anmeldung Wenn du Spass an der Musik hast, bereits ein Instrument beherrscht oder ein Instrument auf \u201eschneggaweise\u201c erlernen willst, wenn<\/p>\n","protected":false},"author":2,"featured_media":0,"parent":0,"menu_order":0,"comment_status":"closed","ping_status":"closed","template":"","meta":{"colormag_page_container_layout":"default_layout","colormag_page_sidebar_layout":"default_layout","ngg_post_thumbnail":0,"footnotes":""},"class_list":["post-284","page","type-page","status-publish","hentry"],"_links":{"self":[{"href":"https:\/\/www.schneggahuesler.at\/index.php?rest_route=\/wp\/v2\/pages\/284","targetHints":{"allow":["GET"]}}],"collection":[{"href":"https:\/\/www.schneggahuesler.at\/index.php?rest_route=\/wp\/v2\/pages"}],"about":[{"href":"https:\/\/www.schneggahuesler.at\/index.php?rest_route=\/wp\/v2\/types\/page"}],"author":[{"embeddable":true,"href":"https:\/\/www.schneggahuesler.at\/index.php?rest_route=\/wp\/v2\/users\/2"}],"replies":[{"embeddable":true,"href":"https:\/\/www.schneggahuesler.at\/index.php?rest_route=%2Fwp%2Fv2%2Fcomments&post=284"}],"version-history":[{"count":14,"href":"https:\/\/www.schneggahuesler.at\/index.php?rest_route=\/wp\/v2\/pages\/284\/revisions"}],"predecessor-version":[{"id":11613,"href":"https:\/\/www.schneggahuesler.at\/index.php?rest_route=\/wp\/v2\/pages\/284\/revisions\/11613"}],"wp:attachment":[{"href":"https:\/\/www.schneggahuesler.at\/index.php?rest_route=%2Fwp%2Fv2%2Fmedia&parent=284"}],"curies":[{"name":"wp","href":"https:\/\/api.w.org\/{rel}","templated":true}]}}