{"id":27,"date":"2018-10-17T14:03:00","date_gmt":"2018-10-17T13:03:00","guid":{"rendered":"https:\/\/www.schneggahuesler.at\/?page_id=27"},"modified":"2026-04-22T10:11:26","modified_gmt":"2026-04-22T09:11:26","slug":"startseite-2","status":"publish","type":"page","link":"https:\/\/www.schneggahuesler.at\/","title":{"rendered":"Startseite"},"content":{"rendered":"<h1 style=\"text-align: center;\">Herzlich Willkommen<\/h1>\n<p style=\"text-align: left;\"><span lang=\"DE-AT\">Taucht ein in unsere farbenfrohe Faschingswelt und lasst euch von unserem Frohsinn und<br \/>\nunserer Leidenschaft mitrei\u00dfen.<br \/>\n<\/span><span lang=\"DE-AT\">In <strong>&#8222;\u00dcber uns&#8220;<\/strong> findet ihr die&nbsp;<\/span><a href=\"https:\/\/www.schneggahuesler.at\/?page_id=120\"><b><span lang=\"DE-AT\">&#8222;Geschichte&#8220;<\/span><\/b><\/a><span lang=\"DE-AT\">&nbsp;und&nbsp;<\/span><a href=\"https:\/\/www.schneggahuesler.at\/?page_id=124\"><b><span lang=\"DE-AT\">&#8222;Philosophie&#8220;<\/span><\/b><\/a><span lang=\"DE-AT\">&nbsp;sowie die Entstehung unserer<br \/>\nGuggamusig und auch Gedanken zu unserem Verein.<br \/>\n<\/span><span lang=\"DE-AT\">Hinter dem Men\u00fc \u201e<\/span><b><span lang=\"DE-AT\">Mitglieder<\/span><\/b><span lang=\"DE-AT\">\u201c befinden sich all unsere tollen Mitglieder sowie unser Vorstand.<br \/>\n<\/span><span lang=\"DE-AT\">Ihr&nbsp;&nbsp;wollt keinen unserer Auftritte verpassen? Na, dann notiert euch gleich alle Daten, die ihr unter &#8222;<\/span><a href=\"https:\/\/www.schneggahuesler.at\/?page_id=138\"><b><span lang=\"DE-AT\">Tourplan&#8220;<\/span><\/b><\/a><span lang=\"DE-AT\">&nbsp;entdeckt.<br \/>\n<\/span><span lang=\"DE-AT\">Wir wollen unser Erlebtes an unsere Freunde weitergeben&nbsp;&nbsp;&#8211; <a href=\"https:\/\/www.schneggahuesler.at\/?page_id=816\"><strong>&#8222;News&#8220;<\/strong><\/a>&nbsp;und<\/span><span lang=\"DE-AT\">&nbsp;&#8222;<strong><a href=\"https:\/\/www.schneggahuesler.at\/?page_id=414\">Galerie<\/a>&#8222;<\/strong><\/span><span lang=\"DE-AT\">&nbsp;machen uns dies m\u00f6glich.<br \/>\n<\/span><span lang=\"DE-AT\">Unter <\/span><b><span lang=\"DE-AT\">&#8222;Links&#8220;<\/span><\/b><span lang=\"DE-AT\">&nbsp;sind&nbsp;verschiedene Vereine und&nbsp;Freunde zu finden.<br \/>\n<\/span><span lang=\"DE-AT\">So, nun w\u00fcnschen wir euch viel Spa\u00df beim Durchklicken&nbsp;&nbsp;unserer Schneggah\u00fcslerhomepage.<\/span><\/p>\n<p style=\"text-align: left;\"><span lang=\"DE-AT\">P.S. Wir w\u00fcrden uns nat\u00fcrlich sehr \u00fcber ein paar hinterlassene Zeilen in unserem G\u00e4stebuch freuen.<br \/>\n<\/span><span lang=\"DE-AT\">Bei Fragen oder dergleichen, wendet euch einfach an einen unserer hinterlassenen&nbsp;<\/span><a href=\"https:\/\/www.schneggahuesler.at\/?page_id=40\"><b><span lang=\"DE-AT\">&#8222;Kontakte&#8220;<\/span><\/b><\/a><span lang=\"DE-AT\">.<\/span><\/p>\n<p style=\"text-align: left;\"><span lang=\"DE-AT\">Eure Schneggah\u00fcsler<\/span><\/p>\n<p><img loading=\"lazy\" decoding=\"async\" class=\"alignleft  wp-image-19732\" src=\"https:\/\/www.schneggahuesler.at\/wp-content\/uploads\/2026\/01\/WhatsApp-Image-2026-01-21-at-09.41.10-scaled-e1773728984129.jpeg\" alt=\"\" width=\"814\" height=\"457\" srcset=\"https:\/\/www.schneggahuesler.at\/wp-content\/uploads\/2026\/01\/WhatsApp-Image-2026-01-21-at-09.41.10-scaled-e1773728984129.jpeg 2385w, https:\/\/www.schneggahuesler.at\/wp-content\/uploads\/2026\/01\/WhatsApp-Image-2026-01-21-at-09.41.10-scaled-e1773728984129-300x169.jpeg 300w, https:\/\/www.schneggahuesler.at\/wp-content\/uploads\/2026\/01\/WhatsApp-Image-2026-01-21-at-09.41.10-scaled-e1773728984129-1024x575.jpeg 1024w, https:\/\/www.schneggahuesler.at\/wp-content\/uploads\/2026\/01\/WhatsApp-Image-2026-01-21-at-09.41.10-scaled-e1773728984129-768x431.jpeg 768w, https:\/\/www.schneggahuesler.at\/wp-content\/uploads\/2026\/01\/WhatsApp-Image-2026-01-21-at-09.41.10-scaled-e1773728984129-1536x863.jpeg 1536w, https:\/\/www.schneggahuesler.at\/wp-content\/uploads\/2026\/01\/WhatsApp-Image-2026-01-21-at-09.41.10-scaled-e1773728984129-2048x1151.jpeg 2048w\" sizes=\"auto, (max-width: 814px) 100vw, 814px\" \/><\/p>\n<p>&nbsp;<\/p>\n<hr>\n<p style=\"text-align: left;\"><strong><span style=\"color: #ff9900;\">NEWS<br \/>\n<\/span><\/strong>\n\t<div id=\"wpbaw-blog-1\" class=\"blogfree-plugin blog-clearfix \">\n\t\n\t\t\t\t<div id=\"post-21106\" class=\"blog type-blog blog-clearfix wpbaw-blog-class blog-col-3 wpbaw-first has-date has-thumb\">\n\t\t\t<div class=\"blog-inner-wrap-view blog-clearfix\">\n\t\t\t\t\t\t\t\t\t<div class=\"blog-thumb\">\n\t\t\t\t\t\t<div class=\"grid-blog-thumb\">\n\t\t\t\t\t\t\t<a href=\"https:\/\/www.schneggahuesler.at\/?blog_post=unsere-jahreshauptversammlung-2026\"><img decoding=\"async\" class=\"wpbaw-blog-img\" src=\"https:\/\/www.schneggahuesler.at\/wp-content\/uploads\/2026\/04\/nggallery_import\/WhatsApp-Image-2026-04-20-at-18.02.16-7.jpeg\" alt=\"Unsere Jahreshauptversammlung 2026\"\/><\/a>\n\t\t\t\t\t\t<\/div>\n\t\t\t\t\t<\/div>\n\t\t\t\t\n\t\t\t\t<div class=\"blog-content\">\n\t\t\t\t\t\t\t\t\t\t\t\t<div class=\"blog-author\">\n\t\t\t\t\t\t\t\t\t\t\t\t\t\t\t\t\t<span>\n\t\t\t\t\t\t\t\t\t\tvon <a href=\"https:\/\/www.schneggahuesler.at\/?author=7\" target=\"_self\">Janine Lederle<\/a>\n\t\t\t\t\t\t\t\t\t<\/span>\n\t\t\t\t\t\t\t\t \/ 21. April 2026\t\t\t\t\t\t\t<\/div>\n\t\t\t\t\t\t\n\t\t\t\t\t<div class=\"post-content-text\">\n\t\t\t\t\t\t\t\t\t\t\t\t<h3 class=\"blog-title\"><a href=\"https:\/\/www.schneggahuesler.at\/?blog_post=unsere-jahreshauptversammlung-2026\" rel=\"bookmark\">Unsere Jahreshauptversammlung 2026<\/a><\/h3>\n\t\t\t\t\t\t\t\t\t\t\t<\/div>\n\t\t\t\t<\/div>\n\t\t\t<\/div>\n\t\t<\/div>\n\t\t\t\t<div id=\"post-20943\" class=\"blog type-blog blog-clearfix wpbaw-blog-class blog-col-3 has-date has-thumb\">\n\t\t\t<div class=\"blog-inner-wrap-view blog-clearfix\">\n\t\t\t\t\t\t\t\t\t<div class=\"blog-thumb\">\n\t\t\t\t\t\t<div class=\"grid-blog-thumb\">\n\t\t\t\t\t\t\t<a href=\"https:\/\/www.schneggahuesler.at\/?blog_post=%f0%9f%8e%ad-faschingsfinale-2026-was-fuer-ein-rausch\"><img decoding=\"async\" class=\"wpbaw-blog-img\" src=\"https:\/\/www.schneggahuesler.at\/wp-content\/uploads\/2026\/02\/nggallery_import\/2-WhatsApp-Image-2026-02-17-at-18.37.53-3-768x1024.jpeg\" alt=\"\u00a0\ud83c\udfad Faschingsfinale 2026 \u2013 Was f\u00fcr ein Rausch!\"\/><\/a>\n\t\t\t\t\t\t<\/div>\n\t\t\t\t\t<\/div>\n\t\t\t\t\n\t\t\t\t<div class=\"blog-content\">\n\t\t\t\t\t\t\t\t\t\t\t\t<div class=\"blog-author\">\n\t\t\t\t\t\t\t\t\t\t\t\t\t\t\t\t\t<span>\n\t\t\t\t\t\t\t\t\t\tvon <a href=\"https:\/\/www.schneggahuesler.at\/?author=7\" target=\"_self\">Janine Lederle<\/a>\n\t\t\t\t\t\t\t\t\t<\/span>\n\t\t\t\t\t\t\t\t \/ 23. Februar 2026\t\t\t\t\t\t\t<\/div>\n\t\t\t\t\t\t\n\t\t\t\t\t<div class=\"post-content-text\">\n\t\t\t\t\t\t\t\t\t\t\t\t<h3 class=\"blog-title\"><a href=\"https:\/\/www.schneggahuesler.at\/?blog_post=%f0%9f%8e%ad-faschingsfinale-2026-was-fuer-ein-rausch\" rel=\"bookmark\">\u00a0\ud83c\udfad Faschingsfinale 2026 \u2013 Was f\u00fcr ein Rausch!<\/a><\/h3>\n\t\t\t\t\t\t\t\t\t\t\t<\/div>\n\t\t\t\t<\/div>\n\t\t\t<\/div>\n\t\t<\/div>\n\t\t\t\t<div id=\"post-20472\" class=\"blog type-blog blog-clearfix wpbaw-blog-class blog-col-3 has-date has-thumb\">\n\t\t\t<div class=\"blog-inner-wrap-view blog-clearfix\">\n\t\t\t\t\t\t\t\t\t<div class=\"blog-thumb\">\n\t\t\t\t\t\t<div class=\"grid-blog-thumb\">\n\t\t\t\t\t\t\t<a href=\"https:\/\/www.schneggahuesler.at\/?blog_post=ein-wochenende-in-schwaebisch-gmuend-%f0%9f%99%8c\"><img decoding=\"async\" class=\"wpbaw-blog-img\" src=\"https:\/\/www.schneggahuesler.at\/wp-content\/uploads\/2026\/02\/WhatsApp-Image-2026-02-09-at-06.01.49-1024x768.jpeg\" alt=\"Ein Wochenende in Schw\u00e4bisch Gm\u00fcnd \ud83d\ude4c\"\/><\/a>\n\t\t\t\t\t\t<\/div>\n\t\t\t\t\t<\/div>\n\t\t\t\t\n\t\t\t\t<div class=\"blog-content\">\n\t\t\t\t\t\t\t\t\t\t\t\t<div class=\"blog-author\">\n\t\t\t\t\t\t\t\t\t\t\t\t\t\t\t\t\t<span>\n\t\t\t\t\t\t\t\t\t\tvon <a href=\"https:\/\/www.schneggahuesler.at\/?author=7\" target=\"_self\">Janine Lederle<\/a>\n\t\t\t\t\t\t\t\t\t<\/span>\n\t\t\t\t\t\t\t\t \/ 11. Februar 2026\t\t\t\t\t\t\t<\/div>\n\t\t\t\t\t\t\n\t\t\t\t\t<div class=\"post-content-text\">\n\t\t\t\t\t\t\t\t\t\t\t\t<h3 class=\"blog-title\"><a href=\"https:\/\/www.schneggahuesler.at\/?blog_post=ein-wochenende-in-schwaebisch-gmuend-%f0%9f%99%8c\" rel=\"bookmark\">Ein Wochenende in Schw\u00e4bisch Gm\u00fcnd \ud83d\ude4c<\/a><\/h3>\n\t\t\t\t\t\t\t\t\t\t\t<\/div>\n\t\t\t\t<\/div>\n\t\t\t<\/div>\n\t\t<\/div>\n\t\t\t<\/div>\n\t\n\t\t<div class=\"blog_pagination blog-clearfix wpbaw-numeric\">\n\t\t<span aria-current=\"page\" class=\"page-numbers current\">1<\/span>\n<a class=\"page-numbers\" href=\"https:\/\/www.schneggahuesler.at\/index.php?rest_route=%2Fwp%2Fv2%2Fpages%2F27&#038;paged=2#wpbaw-blog-1\">2<\/a>\n<a class=\"page-numbers\" href=\"https:\/\/www.schneggahuesler.at\/index.php?rest_route=%2Fwp%2Fv2%2Fpages%2F27&#038;paged=3#wpbaw-blog-1\">3<\/a>\n<span class=\"page-numbers dots\">&hellip;<\/span>\n<a class=\"page-numbers\" href=\"https:\/\/www.schneggahuesler.at\/index.php?rest_route=%2Fwp%2Fv2%2Fpages%2F27&#038;paged=52#wpbaw-blog-1\">52<\/a>\n<a class=\"next page-numbers\" href=\"https:\/\/www.schneggahuesler.at\/index.php?rest_route=%2Fwp%2Fv2%2Fpages%2F27&#038;paged=2#wpbaw-blog-1\">Next &raquo;<\/a>\t<\/div>\n\t<\/p>\n<p>&nbsp;<\/p>\n","protected":false},"excerpt":{"rendered":"<p>Herzlich Willkommen Taucht ein in unsere farbenfrohe Faschingswelt und lasst euch von unserem Frohsinn und unserer Leidenschaft mitrei\u00dfen. In &#8222;\u00dcber<\/p>\n","protected":false},"author":2,"featured_media":0,"parent":0,"menu_order":0,"comment_status":"closed","ping_status":"closed","template":"","meta":{"colormag_page_container_layout":"default_layout","colormag_page_sidebar_layout":"default_layout","ngg_post_thumbnail":0,"footnotes":""},"class_list":["post-27","page","type-page","status-publish","hentry"],"_links":{"self":[{"href":"https:\/\/www.schneggahuesler.at\/index.php?rest_route=\/wp\/v2\/pages\/27","targetHints":{"allow":["GET"]}}],"collection":[{"href":"https:\/\/www.schneggahuesler.at\/index.php?rest_route=\/wp\/v2\/pages"}],"about":[{"href":"https:\/\/www.schneggahuesler.at\/index.php?rest_route=\/wp\/v2\/types\/page"}],"author":[{"embeddable":true,"href":"https:\/\/www.schneggahuesler.at\/index.php?rest_route=\/wp\/v2\/users\/2"}],"replies":[{"embeddable":true,"href":"https:\/\/www.schneggahuesler.at\/index.php?rest_route=%2Fwp%2Fv2%2Fcomments&post=27"}],"version-history":[{"count":47,"href":"https:\/\/www.schneggahuesler.at\/index.php?rest_route=\/wp\/v2\/pages\/27\/revisions"}],"predecessor-version":[{"id":21108,"href":"https:\/\/www.schneggahuesler.at\/index.php?rest_route=\/wp\/v2\/pages\/27\/revisions\/21108"}],"wp:attachment":[{"href":"https:\/\/www.schneggahuesler.at\/index.php?rest_route=%2Fwp%2Fv2%2Fmedia&parent=27"}],"curies":[{"name":"wp","href":"https:\/\/api.w.org\/{rel}","templated":true}]}}