{"id":120,"date":"2018-10-17T19:44:52","date_gmt":"2018-10-17T18:44:52","guid":{"rendered":"https:\/\/www.schneggahuesler.at\/?page_id=120"},"modified":"2022-01-03T11:40:11","modified_gmt":"2022-01-03T10:40:11","slug":"geschichte","status":"publish","type":"page","link":"https:\/\/www.schneggahuesler.at\/?page_id=120","title":{"rendered":"Geschichte"},"content":{"rendered":"<h3>Geschichte<\/h3>\n<p>&nbsp;<\/p>\n<p>Ein paar Frastanzer Frauen kamen am Faschingsdienstag im Jahre 1981 auf die Idee eine Guggamusig zu gr\u00fcnden, da sie diese aus der Schweiz kannten. Die Schweiz ist das Ursprungsland der Guggamusig und zwar die Stadt Basel.<br \/>\nSchon im Mittelalter spielten die Landsknechte mit Fl\u00f6ten, Pfeifen und Trommeln f\u00fcr sich und das Volk zur Unterhaltung auf.<br \/>\nDie Basler Pfeifer und Trommler spielen heute noch die originalen Melodien bei der weit \u00fcber die Grenzen bekannten Basler Fasnacht, die ja einen Monat l\u00e4ger dauert als bei uns.<br \/>\nTypisch f\u00fcr Guggamusigen ist, da\u00df sie zum \u00fcberwiegenden Teil aus Amateuren bestehen, sowie dass Frauen in diesen Vereinen voll integriert sind und h\u00e4ufig auch \u00fcberwiegen.<br \/>\nMit viel Einsatz und Elan machten sich die Frastanzer Frauen ans Werk. Sie sammelten alte Instrumente, n\u00e4hten<br \/>\nfarbenfrohe Kost\u00fcme und lernten mit Hilfe von einigen Frastanzer Musikanten ihre ersten Lieder.<br \/>\nGetreu dem Motto, da\u00df in Frastanz lauter &#8222;Schneggen&#8220; wohnen, nannten sie sich die &#8222;Schneggah\u00fcsler Frastanz&#8220;.<br \/>\nSo entstand die erste Guggamusig Vorarlbergs und obwohl die Idee anfangs von vielen bel\u00e4chelt wurde, war es ein Volltreffer.<br \/>\nDie Faschingsnarren waren begeistert von den musikalisch-n\u00e4rrischen Auftritten der Frauen. Schon bald gesellten sich auch m\u00e4nnliche Mitglieder zur Gruppe und auch die Auftritte wurden immer internationaler.<br \/>\nIn Liechtenstien, Schweiz, Deutschland, Frankreich, Jugoslawien und Belgien durften wir unser Publikum schon begeistern.<br \/>\nDie Schneggah\u00fcsler&nbsp;sind seit dem sehr aktiv in der Vorarlberger Fasnacht bei Umz\u00fcgen, Faschingsb\u00e4llen, Monsterkonzerten oder auch beim Funkenabbrennen t\u00e4tig.<br \/>\nEs werden bis zu 60 Auftritte in der Saison absolviert.<br \/>\nDas Motto des Kost\u00fcms \u00e4ndert sich alle drei Jahre.<\/p>\n<p>Unser Narrenruf lautet:<br \/>\nSchnegg Schnegg &#8211; Gugg Gugg<\/p>\n","protected":false},"excerpt":{"rendered":"<p>Geschichte &nbsp; Ein paar Frastanzer Frauen kamen am Faschingsdienstag im Jahre 1981 auf die Idee eine Guggamusig zu gr\u00fcnden, da<\/p>\n","protected":false},"author":2,"featured_media":0,"parent":0,"menu_order":0,"comment_status":"closed","ping_status":"closed","template":"","meta":{"colormag_page_container_layout":"default_layout","colormag_page_sidebar_layout":"default_layout","ngg_post_thumbnail":0,"footnotes":""},"class_list":["post-120","page","type-page","status-publish","hentry"],"_links":{"self":[{"href":"https:\/\/www.schneggahuesler.at\/index.php?rest_route=\/wp\/v2\/pages\/120","targetHints":{"allow":["GET"]}}],"collection":[{"href":"https:\/\/www.schneggahuesler.at\/index.php?rest_route=\/wp\/v2\/pages"}],"about":[{"href":"https:\/\/www.schneggahuesler.at\/index.php?rest_route=\/wp\/v2\/types\/page"}],"author":[{"embeddable":true,"href":"https:\/\/www.schneggahuesler.at\/index.php?rest_route=\/wp\/v2\/users\/2"}],"replies":[{"embeddable":true,"href":"https:\/\/www.schneggahuesler.at\/index.php?rest_route=%2Fwp%2Fv2%2Fcomments&post=120"}],"version-history":[{"count":7,"href":"https:\/\/www.schneggahuesler.at\/index.php?rest_route=\/wp\/v2\/pages\/120\/revisions"}],"predecessor-version":[{"id":9146,"href":"https:\/\/www.schneggahuesler.at\/index.php?rest_route=\/wp\/v2\/pages\/120\/revisions\/9146"}],"wp:attachment":[{"href":"https:\/\/www.schneggahuesler.at\/index.php?rest_route=%2Fwp%2Fv2%2Fmedia&parent=120"}],"curies":[{"name":"wp","href":"https:\/\/api.w.org\/{rel}","templated":true}]}}