{"id":112,"date":"2018-10-17T19:38:21","date_gmt":"2018-10-17T18:38:21","guid":{"rendered":"https:\/\/www.schneggahuesler.at\/?page_id=112"},"modified":"2024-05-08T12:15:33","modified_gmt":"2024-05-08T11:15:33","slug":"impressum","status":"publish","type":"page","link":"https:\/\/www.schneggahuesler.at\/?page_id=112","title":{"rendered":"Impressum"},"content":{"rendered":"<p>Dieses Impressum gilt auch f\u00fcr die Profile unseres Vereins auf den folgenden sozialen Netzwerken: Facebook, Instagram.<\/p>\n<h5>Angaben gem\u00e4\u00df \u00a7 5 TMG:<\/h5>\n<h5>Kontakt:<\/h5>\n<p>1.Vbg Guggamusig Schneggah\u00fcsler Frastanz<\/p>\n<p>Frastafedner Stra\u00dfe 38<\/p>\n<p>6820 Frastanz<\/p>\n<p>Tel.: +43 \/ 650 \/ 60 27 177<\/p>\n<p>E-Mail: obmann (at) schneggahuesler.at<\/p>\n<p>&nbsp;<\/p>\n<p><strong>Vertretungsberechtigte Personen:<\/strong><\/p>\n<p>J\u00fcrgen Lederle, Pr\u00e4sident<\/p>\n<p>Andr\u00e9 Hammer, Vize Pr\u00e4sident<\/p>\n<p>Lina Tschabrun, Schriftf\u00fchrerin&nbsp;<\/p>\n<p>Raphaela K\u00f6lly, Kassierin<\/p>\n<p>Theresa Schmid, Tourmanager<\/p>\n<p>&nbsp;<\/p>\n<p><strong>Vereinsregister:<\/strong><\/p>\n<p>Registergericht: Bezirkshauptmannschaft Feldkirch<\/p>\n<p>Registernummer: 369032351<\/p>\n<p>&nbsp;<\/p>\n<p><strong>Verantwortung f\u00fcr diese Seite:<\/strong><\/p>\n<p>J\u00fcrgen Lederle<\/p>\n<p>Frastafedner Str. 38<\/p>\n<p>6820 Frastanz<\/p>\n<p>obmann (at) schneggahuesler.at<\/p>\n<p>&nbsp;<\/p>\n<p>Diese Homepage wurde von der oben angef\u00fchrten Person erstellt.<\/p>\n<p>Ver\u00f6ffentlichung von Fotos, Grafiken, Inhalten, Videos darf nur mit schriftlicher Genehmigung erfolgen.&nbsp;<\/p>\n<p>Quelle: <em><a href=\"https:\/\/www.e-recht24.de\">eRecht24<\/a><\/em><\/p>\n","protected":false},"excerpt":{"rendered":"<p>Dieses Impressum gilt auch f\u00fcr die Profile unseres Vereins auf den folgenden sozialen Netzwerken: Facebook, Instagram. Angaben gem\u00e4\u00df \u00a7 5<\/p>\n","protected":false},"author":2,"featured_media":0,"parent":0,"menu_order":0,"comment_status":"closed","ping_status":"closed","template":"","meta":{"colormag_page_container_layout":"default_layout","colormag_page_sidebar_layout":"default_layout","ngg_post_thumbnail":0,"footnotes":""},"class_list":["post-112","page","type-page","status-publish","hentry"],"_links":{"self":[{"href":"https:\/\/www.schneggahuesler.at\/index.php?rest_route=\/wp\/v2\/pages\/112","targetHints":{"allow":["GET"]}}],"collection":[{"href":"https:\/\/www.schneggahuesler.at\/index.php?rest_route=\/wp\/v2\/pages"}],"about":[{"href":"https:\/\/www.schneggahuesler.at\/index.php?rest_route=\/wp\/v2\/types\/page"}],"author":[{"embeddable":true,"href":"https:\/\/www.schneggahuesler.at\/index.php?rest_route=\/wp\/v2\/users\/2"}],"replies":[{"embeddable":true,"href":"https:\/\/www.schneggahuesler.at\/index.php?rest_route=%2Fwp%2Fv2%2Fcomments&post=112"}],"version-history":[{"count":11,"href":"https:\/\/www.schneggahuesler.at\/index.php?rest_route=\/wp\/v2\/pages\/112\/revisions"}],"predecessor-version":[{"id":16406,"href":"https:\/\/www.schneggahuesler.at\/index.php?rest_route=\/wp\/v2\/pages\/112\/revisions\/16406"}],"wp:attachment":[{"href":"https:\/\/www.schneggahuesler.at\/index.php?rest_route=%2Fwp%2Fv2%2Fmedia&parent=112"}],"curies":[{"name":"wp","href":"https:\/\/api.w.org\/{rel}","templated":true}]}}